{"id":307,"date":"2023-03-06T22:00:10","date_gmt":"2023-03-06T21:00:10","guid":{"rendered":"http:\/\/www.music-art.org\/?page_id=307"},"modified":"2024-06-25T21:48:12","modified_gmt":"2024-06-25T19:48:12","slug":"enseignants","status":"publish","type":"page","link":"https:\/\/www.music-art.org\/index.php\/enseignants\/","title":{"rendered":"Enseignants"},"content":{"rendered":"\n<p class=\"has-luminous-vivid-orange-background-color has-background\"><a href=\"https:\/\/www.music-art.org\/index.php\/2024\/06\/23\/nous-cherchons-des-profs\/\"><strong>Music&#8217;Art cherche des professeur(e)s !<\/strong><\/a><\/p>\n\n\n\n<p><a href=\"http:\/\/www.music-art.org\/index.php\/jean-sebastien\/\" data-type=\"page\" data-id=\"539\">Jean-S\u00e9bastien<\/a> : guitare<\/p>\n\n\n\n<p><a href=\"http:\/\/www.music-art.org\/index.php\/pierre-eric\/\" data-type=\"page\" data-id=\"548\">Pierre Eric<\/a> : guitare, basse et ukul\u00e9l\u00e9<\/p>\n\n\n\n<p><a href=\"http:\/\/www.music-art.org\/index.php\/chantal-droszewski\/\" data-type=\"page\" data-id=\"313\">Chantal<\/a> : piano, solf\u00e8ge<\/p>\n\n\n\n<p><a href=\"http:\/\/www.music-art.org\/index.php\/ysabelle\/\" data-type=\"page\" data-id=\"115\">Ysabelle<\/a> : chant<\/p>\n\n\n\n<p><a href=\"http:\/\/www.music-art.org\/index.php\/anne-guilbeau\/\" data-type=\"page\" data-id=\"125\">Anne<\/a> : piano, trompette, solf\u00e8ge<\/p>\n\n\n\n<p><a href=\"http:\/\/www.music-art.org\/index.php\/isabelle\/\" data-type=\"page\" data-id=\"120\">Isabelle<\/a> : violon, alto, violoncelle, orchestres<\/p>\n\n\n\n<p><a href=\"http:\/\/www.music-art.org\/index.php\/yannick\/\" data-type=\"page\" data-id=\"120\">Yannick<\/a> : batterie<\/p>\n","protected":false},"excerpt":{"rendered":"<p>Music&#8217;Art cherche des professeur(e)s ! Jean-S\u00e9bastien : guitare Pierre Eric : guitare, basse et ukul\u00e9l\u00e9 Chantal : piano, solf\u00e8ge Ysabelle : chant Anne : piano, trompette, solf\u00e8ge Isabelle : violon, alto, violoncelle, orchestres Yannick : batterie<\/p>\n","protected":false},"author":1,"featured_media":0,"parent":0,"menu_order":0,"comment_status":"closed","ping_status":"closed","template":"","meta":{"footnotes":""},"class_list":["post-307","page","type-page","status-publish","hentry"],"_links":{"self":[{"href":"https:\/\/www.music-art.org\/index.php\/wp-json\/wp\/v2\/pages\/307","targetHints":{"allow":["GET"]}}],"collection":[{"href":"https:\/\/www.music-art.org\/index.php\/wp-json\/wp\/v2\/pages"}],"about":[{"href":"https:\/\/www.music-art.org\/index.php\/wp-json\/wp\/v2\/types\/page"}],"author":[{"embeddable":true,"href":"https:\/\/www.music-art.org\/index.php\/wp-json\/wp\/v2\/users\/1"}],"replies":[{"embeddable":true,"href":"https:\/\/www.music-art.org\/index.php\/wp-json\/wp\/v2\/comments?post=307"}],"version-history":[{"count":20,"href":"https:\/\/www.music-art.org\/index.php\/wp-json\/wp\/v2\/pages\/307\/revisions"}],"predecessor-version":[{"id":750,"href":"https:\/\/www.music-art.org\/index.php\/wp-json\/wp\/v2\/pages\/307\/revisions\/750"}],"wp:attachment":[{"href":"https:\/\/www.music-art.org\/index.php\/wp-json\/wp\/v2\/media?parent=307"}],"curies":[{"name":"wp","href":"https:\/\/api.w.org\/{rel}","templated":true}]}}