{"id":320,"date":"2023-03-06T22:06:23","date_gmt":"2023-03-06T21:06:23","guid":{"rendered":"http:\/\/www.music-art.org\/?page_id=320"},"modified":"2025-09-09T17:55:40","modified_gmt":"2025-09-09T15:55:40","slug":"agenda","status":"publish","type":"page","link":"https:\/\/www.music-art.org\/index.php\/agenda\/","title":{"rendered":"Agenda"},"content":{"rendered":"\n<p><strong>Vendredi 12 septembre<\/strong> : rencontres musicales \u00e0 partir de 20 h dans l&#8217;alg\u00e9co sur le terrain du Motten \u00e0 Ste-Anne d&#8217;Auray.<\/p>\n\n\n<p><strong>Samedi 20 septembre<\/strong> : Concert, r\u00e9pertoire vari\u00e9 \u00e0 partir de 17 h 30 sur le terrain du Motten \u00e0 Ste-Anne d&#8217;Auray.<\/p>\n\n\n<p><\/p>\n","protected":false},"excerpt":{"rendered":"<p>Vendredi 12 septembre : rencontres musicales \u00e0 partir de 20 h dans l&#8217;alg\u00e9co sur le terrain du Motten \u00e0 Ste-Anne d&#8217;Auray. Samedi 20 septembre : Concert, r\u00e9pertoire vari\u00e9 \u00e0 partir de 17 h 30 sur le terrain du Motten \u00e0 Ste-Anne d&#8217;Auray.<\/p>\n","protected":false},"author":1,"featured_media":0,"parent":0,"menu_order":0,"comment_status":"closed","ping_status":"closed","template":"","meta":{"footnotes":""},"class_list":["post-320","page","type-page","status-publish","hentry"],"_links":{"self":[{"href":"https:\/\/www.music-art.org\/index.php\/wp-json\/wp\/v2\/pages\/320","targetHints":{"allow":["GET"]}}],"collection":[{"href":"https:\/\/www.music-art.org\/index.php\/wp-json\/wp\/v2\/pages"}],"about":[{"href":"https:\/\/www.music-art.org\/index.php\/wp-json\/wp\/v2\/types\/page"}],"author":[{"embeddable":true,"href":"https:\/\/www.music-art.org\/index.php\/wp-json\/wp\/v2\/users\/1"}],"replies":[{"embeddable":true,"href":"https:\/\/www.music-art.org\/index.php\/wp-json\/wp\/v2\/comments?post=320"}],"version-history":[{"count":12,"href":"https:\/\/www.music-art.org\/index.php\/wp-json\/wp\/v2\/pages\/320\/revisions"}],"predecessor-version":[{"id":849,"href":"https:\/\/www.music-art.org\/index.php\/wp-json\/wp\/v2\/pages\/320\/revisions\/849"}],"wp:attachment":[{"href":"https:\/\/www.music-art.org\/index.php\/wp-json\/wp\/v2\/media?parent=320"}],"curies":[{"name":"wp","href":"https:\/\/api.w.org\/{rel}","templated":true}]}}