{"id":55,"date":"2022-07-25T21:57:22","date_gmt":"2022-07-25T19:57:22","guid":{"rendered":"http:\/\/atelier-musique-arts.fr\/?page_id=55"},"modified":"2025-09-08T21:17:16","modified_gmt":"2025-09-08T19:17:16","slug":"les-cours","status":"publish","type":"page","link":"https:\/\/www.music-art.org\/index.php\/les-cours\/","title":{"rendered":"Les cours"},"content":{"rendered":"\n<p><a href=\"http:\/\/www.music-art.org\/wp-content\/uploads\/2025\/06\/music-art-Formulaire_inscription_2025-26_v1_reglement.pdf\"><mark style=\"background-color:#ff0000\" class=\"has-inline-color has-white-color\"><strong>Bulletin d&#8217;inscription<\/strong><\/mark><\/a><\/p>\n\n\n\n<p><a href=\"http:\/\/www.music-art.org\/wp-content\/uploads\/2025\/06\/IMG-20250613-WA0001.jpg\" data-type=\"attachment\" data-id=\"583\"><mark style=\"background-color:#ff0000\" class=\"has-inline-color has-white-color\"><strong>Planning des cours<\/strong><\/mark><\/a><\/p>\n\n\n\n<h2 class=\"wp-block-heading\">Individuel<\/h2>\n\n\n\n<p><a href=\"http:\/\/www.music-art.org\/index.php\/violon\/\" data-type=\"page\" data-id=\"76\">Alto<\/a><\/p>\n\n\n\n<p><a href=\"http:\/\/www.music-art.org\/index.php\/guitare\/\" data-type=\"page\" data-id=\"65\">Basse<\/a><\/p>\n\n\n\n<p><a href=\"http:\/\/www.music-art.org\/index.php\/chant\/\" data-type=\"page\" data-id=\"70\">Chant <\/a><\/p>\n\n\n\n<p><a href=\"http:\/\/www.music-art.org\/index.php\/guitare\/\" data-type=\"page\" data-id=\"65\">Guitare acoustique<\/a><\/p>\n\n\n\n<p><a href=\"http:\/\/www.music-art.org\/index.php\/guitare\/\" data-type=\"page\" data-id=\"65\">Guitare \u00e9lectrique<\/a><\/p>\n\n\n\n<p><a href=\"http:\/\/www.music-art.org\/index.php\/piano\/\" data-type=\"page\" data-id=\"80\">Piano<\/a><\/p>\n\n\n\n<p><a href=\"http:\/\/www.music-art.org\/index.php\/chant\/\" data-type=\"page\" data-id=\"70\">Technique vocale<\/a><\/p>\n\n\n\n<p><a href=\"http:\/\/www.music-art.org\/index.php\/trompette\/\" data-type=\"page\" data-id=\"83\">Trompette<\/a><\/p>\n\n\n\n<p><a href=\"http:\/\/www.music-art.org\/index.php\/violon\/\" data-type=\"page\" data-id=\"76\">Violon<\/a><\/p>\n\n\n\n<p><a href=\"http:\/\/www.music-art.org\/index.php\/violon\/\" data-type=\"page\" data-id=\"76\">Violoncelle<\/a><\/p>\n\n\n\n<h2 class=\"wp-block-heading\">Collectif<\/h2>\n\n\n\n<p><a href=\"http:\/\/www.music-art.org\/index.php\/orchestre\/\" data-type=\"page\" data-id=\"91\">Musique de chambre<\/a><\/p>\n\n\n\n<p><a href=\"http:\/\/www.music-art.org\/index.php\/orchestre\/\" data-type=\"page\" data-id=\"91\">Orchestre (cordes)<\/a><\/p>\n\n\n\n<p><a href=\"http:\/\/www.music-art.org\/index.php\/solfege\/\" data-type=\"page\" data-id=\"100\">Solf\u00e8ge<\/a><\/p>\n\n\n\n<h2 class=\"wp-block-heading\">Autre activit\u00e9s<\/h2>\n\n\n\n<p><a href=\"http:\/\/www.music-art.org\/index.php\/rencontres\/\" data-type=\"page\" data-id=\"104\">Rencontres musicales \/ r\u00e9p\u00e9tition<\/a><\/p>\n","protected":false},"excerpt":{"rendered":"<p>Bulletin d&#8217;inscription Planning des cours Individuel Alto Basse Chant Guitare acoustique Guitare \u00e9lectrique Piano Technique vocale Trompette Violon Violoncelle Collectif Musique de chambre Orchestre (cordes) Solf\u00e8ge Autre activit\u00e9s Rencontres musicales \/ r\u00e9p\u00e9tition<\/p>\n","protected":false},"author":1,"featured_media":0,"parent":0,"menu_order":0,"comment_status":"closed","ping_status":"closed","template":"","meta":{"footnotes":""},"class_list":["post-55","page","type-page","status-publish","hentry"],"_links":{"self":[{"href":"https:\/\/www.music-art.org\/index.php\/wp-json\/wp\/v2\/pages\/55","targetHints":{"allow":["GET"]}}],"collection":[{"href":"https:\/\/www.music-art.org\/index.php\/wp-json\/wp\/v2\/pages"}],"about":[{"href":"https:\/\/www.music-art.org\/index.php\/wp-json\/wp\/v2\/types\/page"}],"author":[{"embeddable":true,"href":"https:\/\/www.music-art.org\/index.php\/wp-json\/wp\/v2\/users\/1"}],"replies":[{"embeddable":true,"href":"https:\/\/www.music-art.org\/index.php\/wp-json\/wp\/v2\/comments?post=55"}],"version-history":[{"count":24,"href":"https:\/\/www.music-art.org\/index.php\/wp-json\/wp\/v2\/pages\/55\/revisions"}],"predecessor-version":[{"id":844,"href":"https:\/\/www.music-art.org\/index.php\/wp-json\/wp\/v2\/pages\/55\/revisions\/844"}],"wp:attachment":[{"href":"https:\/\/www.music-art.org\/index.php\/wp-json\/wp\/v2\/media?parent=55"}],"curies":[{"name":"wp","href":"https:\/\/api.w.org\/{rel}","templated":true}]}}