{"id":8,"date":"2022-07-25T20:59:05","date_gmt":"2022-07-25T18:59:05","guid":{"rendered":"http:\/\/atelier-musique-arts.fr\/?page_id=8"},"modified":"2025-09-08T21:11:08","modified_gmt":"2025-09-08T19:11:08","slug":"a-propos-de","status":"publish","type":"page","link":"https:\/\/www.music-art.org\/index.php\/a-propos-de\/","title":{"rendered":"\u00c0 propos de"},"content":{"rendered":"\n<p><strong>Music&#8217;Art<\/strong> est une <strong>association musicale et artistique<\/strong> qui a pour mission de promouvoir la musique et les arts plastiques dans une perspective <strong>\u00e9ducative et culturelle<\/strong>, <strong>accessible \u00e0 tous<\/strong>. L&#8217;association a pour v\u0153u de <strong>transmettre \u00e0 tous les musiciens et artistes en herbe son savoir et savoir faire, en pays d&#8217;Auray<\/strong>. Riche d&#8217;une exp\u00e9rience reconnue et anim\u00e9e par des <strong><a href=\"http:\/\/www.music-art.org\/index.php\/enseignants\/\">professeurs passionn\u00e9s<\/a><\/strong>, Music&#8217;Art offre \u00e0 chacun la possibilit\u00e9 de progresser \u00e0 son rythme.<\/p>\n\n\n\n<p>L&#8217;association propose de nombreuses <a href=\"http:\/\/www.music-art.org\/index.php\/les-cours\/\" data-type=\"URL\" data-id=\"http:\/\/www.music-art.org\/index.php\/les-cours\/\">activit\u00e9s <\/a>notamment des cours individuels ou collectifs d&#8217;instruments de musique et de chant, de solf\u00e8ge, des ateliers de musique et d&#8217;arts plastiques, la direction d&#8217;orchestres et groupes de musique actuel ainsi que l&#8217;organisation de concerts.<\/p>\n\n\n\n<p>N&#8217;h\u00e9sitez pas \u00e0 <a href=\"http:\/\/www.music-art.org\/index.php\/contact\/\" data-type=\"page\" data-id=\"9\">nous contacter<\/a> pour tous renseignements.<\/p>\n\n\n\n<p>Musicalement v\u00f4tre!<\/p>\n\n\n\n<p><\/p>\n","protected":false},"excerpt":{"rendered":"<p>Music&#8217;Art est une association musicale et artistique qui a pour mission de promouvoir la musique et les arts plastiques dans une perspective \u00e9ducative et culturelle, accessible \u00e0 tous. L&#8217;association a pour v\u0153u de transmettre \u00e0 tous les musiciens et artistes en herbe son savoir et savoir faire, en pays d&#8217;Auray. Riche d&#8217;une exp\u00e9rience reconnue et &hellip; <\/p>\n<p class=\"link-more\"><a href=\"https:\/\/www.music-art.org\/index.php\/a-propos-de\/\" class=\"more-link\">Continuer la lecture<span class=\"screen-reader-text\"> de &laquo;&nbsp;\u00c0 propos de&nbsp;&raquo;<\/span><\/a><\/p>\n","protected":false},"author":1,"featured_media":0,"parent":0,"menu_order":0,"comment_status":"closed","ping_status":"closed","template":"","meta":{"footnotes":""},"class_list":["post-8","page","type-page","status-publish","hentry"],"_links":{"self":[{"href":"https:\/\/www.music-art.org\/index.php\/wp-json\/wp\/v2\/pages\/8","targetHints":{"allow":["GET"]}}],"collection":[{"href":"https:\/\/www.music-art.org\/index.php\/wp-json\/wp\/v2\/pages"}],"about":[{"href":"https:\/\/www.music-art.org\/index.php\/wp-json\/wp\/v2\/types\/page"}],"author":[{"embeddable":true,"href":"https:\/\/www.music-art.org\/index.php\/wp-json\/wp\/v2\/users\/1"}],"replies":[{"embeddable":true,"href":"https:\/\/www.music-art.org\/index.php\/wp-json\/wp\/v2\/comments?post=8"}],"version-history":[{"count":11,"href":"https:\/\/www.music-art.org\/index.php\/wp-json\/wp\/v2\/pages\/8\/revisions"}],"predecessor-version":[{"id":841,"href":"https:\/\/www.music-art.org\/index.php\/wp-json\/wp\/v2\/pages\/8\/revisions\/841"}],"wp:attachment":[{"href":"https:\/\/www.music-art.org\/index.php\/wp-json\/wp\/v2\/media?parent=8"}],"curies":[{"name":"wp","href":"https:\/\/api.w.org\/{rel}","templated":true}]}}