{"id":9,"date":"2022-07-25T20:59:05","date_gmt":"2022-07-25T18:59:05","guid":{"rendered":"http:\/\/atelier-musique-arts.fr\/?page_id=9"},"modified":"2023-07-10T20:57:12","modified_gmt":"2023-07-10T18:57:12","slug":"contact","status":"publish","type":"page","link":"https:\/\/www.music-art.org\/index.php\/contact\/","title":{"rendered":"Contact"},"content":{"rendered":"\n<p>Courriel: <strong>info@music-art.org<\/strong><br>T\u00e9l\u00e9phone: 07 49 43 56 77<br>Courrier: BP3, 56400, Sainte-Anne d&#8217;Auray<\/p>\n\n\n\n<p>Les cours sont dispens\u00e9s \u00e0 l&#8217;<strong>Espace Camborne<\/strong> au 11B Rue du Parc, 56400 <strong>Sainte-Anne-d&#8217;Auray<\/strong>: <a href=\"https:\/\/goo.gl\/maps\/oEJrnkcrhJSWGPceA\" data-type=\"URL\" data-id=\"https:\/\/goo.gl\/maps\/oEJrnkcrhJSWGPceA\"><strong>ici<\/strong><\/a><\/p>\n\n\n\n<figure class=\"wp-block-image size-full\"><img loading=\"lazy\" decoding=\"async\" width=\"1000\" height=\"661\" src=\"http:\/\/www.music-art.org\/wp-content\/uploads\/2023\/02\/Salle-camborne-Quantieme-Photographie-copie-min.jpg\" alt=\"\" class=\"wp-image-276\" srcset=\"https:\/\/www.music-art.org\/wp-content\/uploads\/2023\/02\/Salle-camborne-Quantieme-Photographie-copie-min.jpg 1000w, https:\/\/www.music-art.org\/wp-content\/uploads\/2023\/02\/Salle-camborne-Quantieme-Photographie-copie-min-300x198.jpg 300w, https:\/\/www.music-art.org\/wp-content\/uploads\/2023\/02\/Salle-camborne-Quantieme-Photographie-copie-min-768x508.jpg 768w\" sizes=\"auto, (max-width: 767px) 89vw, (max-width: 1000px) 54vw, (max-width: 1071px) 543px, 580px\" \/><\/figure>\n\n\n\n<p>Certains cours et r\u00e9p\u00e9titions de groupes se font \u00e0 l algeco du Motten: <a href=\"https:\/\/goo.gl\/maps\/TgotNsJMK3QKEkeK6\" data-type=\"URL\" data-id=\"https:\/\/goo.gl\/maps\/TgotNsJMK3QKEkeK6\"><strong>ici<\/strong><\/a>.<\/p>\n\n\n\n<p><\/p>\n\n\n<p><a href=\"mailto:info@music-art.org\"><img decoding=\"async\" src=\"http:\/\/www.music-art.org\/wp-content\/uploads\/2023\/07\/Gmail_icon_2020.svg_.png\"><\/a><\/p>\n<p><a href=\"https:\/\/www.instagram.com\/asso.music.art\/?hl=fr\"><img decoding=\"async\" src=\"http:\/\/www.music-art.org\/wp-content\/uploads\/2023\/07\/240px-Instagram_icon.png\"><\/a><\/p>\n<p><a href=\"\"><\/a><a href=\"https:\/\/www.facebook.com\/music.art.asso\/\"><img decoding=\"async\" src=\"http:\/\/www.music-art.org\/wp-content\/uploads\/2023\/07\/Facebook_f_logo_2019.svg_.png\"><\/a><\/p>\n<p><a href=\"https:\/\/youtube.com\/@MusicArt-asso\"><img decoding=\"async\" src=\"http:\/\/www.music-art.org\/wp-content\/uploads\/2023\/07\/Logo_of_YouTube_2013-2015.svg_.png\"><\/a><\/p>\n<p><a href=\"https:\/\/www.tiktok.com\/@asso.music.art\"><img decoding=\"async\" src=\"http:\/\/www.music-art.org\/wp-content\/uploads\/2023\/07\/320px-TikTok_logo.svg_.png\"><\/a><\/p>","protected":false},"excerpt":{"rendered":"<p>Courriel: info@music-art.orgT\u00e9l\u00e9phone: 07 49 43 56 77Courrier: BP3, 56400, Sainte-Anne d&#8217;Auray Les cours sont dispens\u00e9s \u00e0 l&#8217;Espace Camborne au 11B Rue du Parc, 56400 Sainte-Anne-d&#8217;Auray: ici Certains cours et r\u00e9p\u00e9titions de groupes se font \u00e0 l algeco du Motten: ici.<\/p>\n","protected":false},"author":1,"featured_media":0,"parent":0,"menu_order":0,"comment_status":"closed","ping_status":"closed","template":"","meta":{"footnotes":""},"class_list":["post-9","page","type-page","status-publish","hentry"],"_links":{"self":[{"href":"https:\/\/www.music-art.org\/index.php\/wp-json\/wp\/v2\/pages\/9","targetHints":{"allow":["GET"]}}],"collection":[{"href":"https:\/\/www.music-art.org\/index.php\/wp-json\/wp\/v2\/pages"}],"about":[{"href":"https:\/\/www.music-art.org\/index.php\/wp-json\/wp\/v2\/types\/page"}],"author":[{"embeddable":true,"href":"https:\/\/www.music-art.org\/index.php\/wp-json\/wp\/v2\/users\/1"}],"replies":[{"embeddable":true,"href":"https:\/\/www.music-art.org\/index.php\/wp-json\/wp\/v2\/comments?post=9"}],"version-history":[{"count":13,"href":"https:\/\/www.music-art.org\/index.php\/wp-json\/wp\/v2\/pages\/9\/revisions"}],"predecessor-version":[{"id":635,"href":"https:\/\/www.music-art.org\/index.php\/wp-json\/wp\/v2\/pages\/9\/revisions\/635"}],"wp:attachment":[{"href":"https:\/\/www.music-art.org\/index.php\/wp-json\/wp\/v2\/media?parent=9"}],"curies":[{"name":"wp","href":"https:\/\/api.w.org\/{rel}","templated":true}]}}