{"id":91,"date":"2022-07-25T22:55:23","date_gmt":"2022-07-25T20:55:23","guid":{"rendered":"http:\/\/atelier-musique-arts.fr\/?page_id=91"},"modified":"2023-02-17T10:54:31","modified_gmt":"2023-02-17T09:54:31","slug":"orchestre","status":"publish","type":"page","link":"https:\/\/www.music-art.org\/index.php\/orchestre\/","title":{"rendered":"Orchestres"},"content":{"rendered":"\n<p>Isabelle Chauris dirige deux ensembles au sein de l&#8217;association:<\/p>\n\n\n\n<ul class=\"wp-block-list\">\n<li><strong>L&#8217;Orchestre<\/strong>,  o\u00f9 tr\u00e8s vite les enfants progressent en autonomie instrumentale, en \u00e9coute et en partage et d\u00e9couvrent un r\u00e9pertoire tr\u00e8s diversifi\u00e9 \u00e0 travers les musiques actuelles, traditionnelles mais aussi jazz et contemporaines.<\/li>\n<\/ul>\n\n\n\n<ul class=\"wp-block-list\">\n<li>Les \u00e9l\u00e8ves plus avanc\u00e9s b\u00e9n\u00e9ficient d&#8217;un enseignement plus pouss\u00e9 au sein de l&#8217;<strong>Ensemble Baroque \u00ab Arco Nova \u00bb<\/strong>.<\/li>\n<\/ul>\n\n\n\n<h2 class=\"wp-block-heading\">Venez jouer!<\/h2>\n\n\n\n<p>Repr\u00e9sentation du 18 juin 2022 \u00e0 l&#8217;Espace Camborne:<\/p>\n\n\n\n<figure class=\"wp-block-image size-large\"><img loading=\"lazy\" decoding=\"async\" width=\"1024\" height=\"487\" src=\"http:\/\/www.music-art.org\/wp-content\/uploads\/2023\/02\/Orchestre-1-1024x487.jpg\" alt=\"\" class=\"wp-image-294\" srcset=\"https:\/\/www.music-art.org\/wp-content\/uploads\/2023\/02\/Orchestre-1-1024x487.jpg 1024w, https:\/\/www.music-art.org\/wp-content\/uploads\/2023\/02\/Orchestre-1-300x143.jpg 300w, https:\/\/www.music-art.org\/wp-content\/uploads\/2023\/02\/Orchestre-1-768x365.jpg 768w, https:\/\/www.music-art.org\/wp-content\/uploads\/2023\/02\/Orchestre-1-1536x731.jpg 1536w, https:\/\/www.music-art.org\/wp-content\/uploads\/2023\/02\/Orchestre-1-2048x974.jpg 2048w\" sizes=\"auto, (max-width: 767px) 89vw, (max-width: 1000px) 54vw, (max-width: 1071px) 543px, 580px\" \/><\/figure>\n\n\n\n<figure class=\"wp-block-image size-full\"><img loading=\"lazy\" decoding=\"async\" width=\"960\" height=\"540\" src=\"http:\/\/www.music-art.org\/wp-content\/uploads\/2023\/02\/concert_18juin2022.jpg\" alt=\"\" class=\"wp-image-284\" srcset=\"https:\/\/www.music-art.org\/wp-content\/uploads\/2023\/02\/concert_18juin2022.jpg 960w, https:\/\/www.music-art.org\/wp-content\/uploads\/2023\/02\/concert_18juin2022-300x169.jpg 300w, https:\/\/www.music-art.org\/wp-content\/uploads\/2023\/02\/concert_18juin2022-768x432.jpg 768w\" sizes=\"auto, (max-width: 767px) 89vw, (max-width: 1000px) 54vw, (max-width: 1071px) 543px, 580px\" \/><\/figure>\n\n\n\n<figure class=\"wp-block-image size-large\"><img loading=\"lazy\" decoding=\"async\" width=\"1024\" height=\"768\" src=\"http:\/\/www.music-art.org\/wp-content\/uploads\/2023\/02\/IMG_6834-1024x768.jpg\" alt=\"\" class=\"wp-image-283\" srcset=\"https:\/\/www.music-art.org\/wp-content\/uploads\/2023\/02\/IMG_6834-1024x768.jpg 1024w, https:\/\/www.music-art.org\/wp-content\/uploads\/2023\/02\/IMG_6834-300x225.jpg 300w, https:\/\/www.music-art.org\/wp-content\/uploads\/2023\/02\/IMG_6834-768x576.jpg 768w, https:\/\/www.music-art.org\/wp-content\/uploads\/2023\/02\/IMG_6834-1536x1152.jpg 1536w, https:\/\/www.music-art.org\/wp-content\/uploads\/2023\/02\/IMG_6834-2048x1536.jpg 2048w\" sizes=\"auto, (max-width: 767px) 89vw, (max-width: 1000px) 54vw, (max-width: 1071px) 543px, 580px\" \/><\/figure>\n","protected":false},"excerpt":{"rendered":"<p>Isabelle Chauris dirige deux ensembles au sein de l&#8217;association: Venez jouer! Repr\u00e9sentation du 18 juin 2022 \u00e0 l&#8217;Espace Camborne:<\/p>\n","protected":false},"author":1,"featured_media":0,"parent":0,"menu_order":0,"comment_status":"closed","ping_status":"closed","template":"","meta":{"footnotes":""},"class_list":["post-91","page","type-page","status-publish","hentry"],"_links":{"self":[{"href":"https:\/\/www.music-art.org\/index.php\/wp-json\/wp\/v2\/pages\/91","targetHints":{"allow":["GET"]}}],"collection":[{"href":"https:\/\/www.music-art.org\/index.php\/wp-json\/wp\/v2\/pages"}],"about":[{"href":"https:\/\/www.music-art.org\/index.php\/wp-json\/wp\/v2\/types\/page"}],"author":[{"embeddable":true,"href":"https:\/\/www.music-art.org\/index.php\/wp-json\/wp\/v2\/users\/1"}],"replies":[{"embeddable":true,"href":"https:\/\/www.music-art.org\/index.php\/wp-json\/wp\/v2\/comments?post=91"}],"version-history":[{"count":5,"href":"https:\/\/www.music-art.org\/index.php\/wp-json\/wp\/v2\/pages\/91\/revisions"}],"predecessor-version":[{"id":295,"href":"https:\/\/www.music-art.org\/index.php\/wp-json\/wp\/v2\/pages\/91\/revisions\/295"}],"wp:attachment":[{"href":"https:\/\/www.music-art.org\/index.php\/wp-json\/wp\/v2\/media?parent=91"}],"curies":[{"name":"wp","href":"https:\/\/api.w.org\/{rel}","templated":true}]}}